{"id":60,"date":"2017-02-19T20:17:54","date_gmt":"2017-02-19T20:17:54","guid":{"rendered":"http:\/\/xn--bossa-lra.eu\/?page_id=60"},"modified":"2017-02-28T14:48:12","modified_gmt":"2017-02-28T14:48:12","slug":"abossa-music-podcast","status":"publish","type":"page","link":"http:\/\/xn--bossa-lra.eu\/?page_id=60","title":{"rendered":"\u00c5bossa Music Podcast"},"content":{"rendered":"<p>\u00c5bossa Podcast is Finnish-spoken music podcast dealing with topical subjects on\u00a0music and the world around us.<\/p>\n<p>The podcast is hosted by Jaska Poikonen and Nawras Odda. Follow the series on Soundcloud.<\/p>\n<p><iframe loading=\"lazy\" title=\"Jakso 1 - Mit\u00e4 on \u00c5bossa? by \u00c5bossa Podcast\" width=\"660\" height=\"400\" scrolling=\"no\" frameborder=\"no\" src=\"https:\/\/w.soundcloud.com\/player\/?visual=true&#038;url=https%3A%2F%2Fapi.soundcloud.com%2Ftracks%2F299786139&#038;show_artwork=true&#038;maxheight=990&#038;maxwidth=660\"><\/iframe><\/p>\n","protected":false},"excerpt":{"rendered":"<p>\u00c5bossa Podcast is Finnish-spoken music podcast dealing with topical subjects on\u00a0music and the world around us. The podcast is hosted by Jaska Poikonen and Nawras Odda. Follow the series on Soundcloud.<\/p>\n","protected":false},"author":2,"featured_media":0,"parent":0,"menu_order":0,"comment_status":"closed","ping_status":"closed","template":"","meta":{"footnotes":""},"class_list":["post-60","page","type-page","status-publish","hentry"],"_links":{"self":[{"href":"http:\/\/xn--bossa-lra.eu\/index.php?rest_route=\/wp\/v2\/pages\/60","targetHints":{"allow":["GET"]}}],"collection":[{"href":"http:\/\/xn--bossa-lra.eu\/index.php?rest_route=\/wp\/v2\/pages"}],"about":[{"href":"http:\/\/xn--bossa-lra.eu\/index.php?rest_route=\/wp\/v2\/types\/page"}],"author":[{"embeddable":true,"href":"http:\/\/xn--bossa-lra.eu\/index.php?rest_route=\/wp\/v2\/users\/2"}],"replies":[{"embeddable":true,"href":"http:\/\/xn--bossa-lra.eu\/index.php?rest_route=%2Fwp%2Fv2%2Fcomments&post=60"}],"version-history":[{"count":3,"href":"http:\/\/xn--bossa-lra.eu\/index.php?rest_route=\/wp\/v2\/pages\/60\/revisions"}],"predecessor-version":[{"id":200,"href":"http:\/\/xn--bossa-lra.eu\/index.php?rest_route=\/wp\/v2\/pages\/60\/revisions\/200"}],"wp:attachment":[{"href":"http:\/\/xn--bossa-lra.eu\/index.php?rest_route=%2Fwp%2Fv2%2Fmedia&parent=60"}],"curies":[{"name":"wp","href":"https:\/\/api.w.org\/{rel}","templated":true}]}}